{"id":1717,"date":"2025-06-03T13:30:23","date_gmt":"2025-06-03T11:30:23","guid":{"rendered":"https:\/\/www.pielgrzymka.bydgoszcz.pl\/?page_id=1717"},"modified":"2025-06-03T13:30:23","modified_gmt":"2025-06-03T11:30:23","slug":"rodo","status":"publish","type":"page","link":"https:\/\/www.pielgrzymka.bydgoszcz.pl\/?page_id=1717","title":{"rendered":"RODO"},"content":{"rendered":"\n<p>KLAUZULA INFORMACYJNA<\/p>\n\n\n\n<p>Zgodnie z art. 8 Dekretu KEP oraz art. 13 RODO informujemy, \u017ce:<\/p>\n\n\n\n<ol class=\"wp-block-list\">\n<li>Administratorem Pani\/Pana danych osobowych jest Piesza Pielgrzymka Diecezji Bydgoskiej na Jasn\u0105 G\u00f3r\u0119 (dalej: Pielgrzymka), reprezentowana przez jej Dyrektora ks. Igora Wichrowskiego;<\/li>\n\n\n\n<li>Inspektorem ochrony danych jest Diecezjalny IOD;<br>e-mail: delegat@diecezja.bydgoszcz.pl;<\/li>\n\n\n\n<li>Pani\/Pana dane osobowe przetwarzane b\u0119d\u0105 dla w\u0142a\u015bciwej organizacji i funkcjonowania Pielgrzymki.<\/li>\n\n\n\n<li>Podstaw\u0105 przetwarzania danych osobowych jest Pani\/Pana zgoda.<\/li>\n\n\n\n<li>Pani\/Pana dane osobowe po zako\u0144czeniu Pielgrzymki b\u0119d\u0105 zarchiwizowane i przechowywane w celach archiwalnych.<\/li>\n\n\n\n<li>Odbiorc\u0105 Pani\/Pana danych osobowych jest ubezpieczyciel Pielgrzymki oraz ewentualnie plac\u00f3wka medyczna, z kt\u00f3rej us\u0142ug Pielgrzymka b\u0119dzie korzysta\u0107.<\/li>\n\n\n\n<li>Posiada Pani\/Pan prawo dost\u0119pu do tre\u015bci danych osobowych oraz prawo ich sprostowania, usuni\u0119cia, ograniczenia lub sprzeciwu wobec przetwarzania zgodnie Dekretem KEP lub RODO;<\/li>\n\n\n\n<li>Posiada Pani\/Pan prawo wniesienia skargi do Ko\u015bcielnego Inspektora Ochrony Danych (w zakresie obj\u0119tym prawem kanonicznym) lub Prezesa Urz\u0119du Ochrony Danych Osobowych (w sprawach regulowanych prawem \u015bwieckim).<\/li>\n<\/ol>\n","protected":false},"excerpt":{"rendered":"<p>KLAUZULA INFORMACYJNA Zgodnie z art. 8 Dekretu KEP oraz art. 13 RODO informujemy, \u017ce:<\/p>\n","protected":false},"author":3,"featured_media":0,"parent":0,"menu_order":0,"comment_status":"closed","ping_status":"closed","template":"","meta":{"footnotes":""},"class_list":["post-1717","page","type-page","status-publish","hentry","post-preview"],"jetpack_sharing_enabled":true,"_links":{"self":[{"href":"https:\/\/www.pielgrzymka.bydgoszcz.pl\/index.php?rest_route=\/wp\/v2\/pages\/1717","targetHints":{"allow":["GET"]}}],"collection":[{"href":"https:\/\/www.pielgrzymka.bydgoszcz.pl\/index.php?rest_route=\/wp\/v2\/pages"}],"about":[{"href":"https:\/\/www.pielgrzymka.bydgoszcz.pl\/index.php?rest_route=\/wp\/v2\/types\/page"}],"author":[{"embeddable":true,"href":"https:\/\/www.pielgrzymka.bydgoszcz.pl\/index.php?rest_route=\/wp\/v2\/users\/3"}],"replies":[{"embeddable":true,"href":"https:\/\/www.pielgrzymka.bydgoszcz.pl\/index.php?rest_route=%2Fwp%2Fv2%2Fcomments&post=1717"}],"version-history":[{"count":1,"href":"https:\/\/www.pielgrzymka.bydgoszcz.pl\/index.php?rest_route=\/wp\/v2\/pages\/1717\/revisions"}],"predecessor-version":[{"id":1718,"href":"https:\/\/www.pielgrzymka.bydgoszcz.pl\/index.php?rest_route=\/wp\/v2\/pages\/1717\/revisions\/1718"}],"wp:attachment":[{"href":"https:\/\/www.pielgrzymka.bydgoszcz.pl\/index.php?rest_route=%2Fwp%2Fv2%2Fmedia&parent=1717"}],"curies":[{"name":"wp","href":"https:\/\/api.w.org\/{rel}","templated":true}]}}