{"id":1721,"date":"2025-06-03T13:36:24","date_gmt":"2025-06-03T11:36:24","guid":{"rendered":"https:\/\/www.pielgrzymka.bydgoszcz.pl\/?page_id=1721"},"modified":"2025-06-03T13:36:24","modified_gmt":"2025-06-03T11:36:24","slug":"regulamin-pielgrzymki","status":"publish","type":"page","link":"https:\/\/www.pielgrzymka.bydgoszcz.pl\/?page_id=1721","title":{"rendered":"Regulamin pielgrzymki"},"content":{"rendered":"\n<p><em>Aby\u015b m\u00f3g\u0142 jak najowocniej prze\u017cy\u0107 te \u201erekolekcje w drodze&#8221;, zechciej uwa\u017cnie przeczyta\u0107 to, co tutaj z my\u015bl\u0105 o Tobie napisano.<\/em><\/p>\n\n\n\n<ol class=\"wp-block-list\">\n<li>Pielgrzymka jest aktem religijnym o charakterze modlitewno-pokutnym. Zatem musi j\u0105 cechowa\u0107 duch modlitwy i ofiary oraz porz\u0105dek zewn\u0119trzny.<\/li>\n\n\n\n<li>Uczestnikiem pieszej pielgrzymki mo\u017ce by\u0107 tylko ten kto:<br>&#8211; fizycznie jest przygotowany do dziennego przej\u015bcia 40\u00a0km,<br>&#8211; akceptuje jej \u015bci\u015ble religijny i rekolekcyjno-katechetyczny charakter (codzienne uczestnictwo w\u00a0Mszy \u015awi\u0119tej, oraz czynny udzia\u0142 we wsp\u00f3lnej modlitwie, nabo\u017ce\u0144stwach, \u015bpiewach, konferencjach),<br>&#8211; pragnie pog\u0142\u0119bi\u0107 swoj\u0105 formacj\u0119, chrze\u015bcija\u0144sk\u0105 i\u00a0szczerym sercem poszukuje Pana Boga,<br>&#8211; b\u0119dzie stosowa\u0107 si\u0119 do zarz\u0105dze\u0144 kierownictwa pielgrzymki,<br>&#8211; dokona zapisu na pielgrzymk\u0119 i zaakceptuje niniejsze zasady.<\/li>\n\n\n\n<li>Osoby ma\u0142oletnie:<br>&#8211; do lat 18 \u2013 mog\u0105 bra\u0107 udzia\u0142 w pielgrzymce pod opiek\u0105 rodzic\u00f3w, opiekuna prawnego b\u0105d\u017a opiekuna wyznaczonego na pi\u015bmie przez rodzic\u00f3w.<br>&#8211; Uczestnicy i organizatorzy Pieszej Pielgrzymki Diecezji Bydgoskiej na Jasn\u0105 G\u00f3r\u0119 s\u0105 zobowi\u0105zani do przestrzegania standard\u00f3w ochrony ma\u0142oletnich (pe\u0142ny ich tekst znajduje si\u0119 na stronie pielgrzymki), a tak\u017ce standard\u00f3w w Diecezji Bydgoskiej.<\/li>\n\n\n\n<li>P\u0105tnicy zobowi\u0105zani s\u0105 i\u015b\u0107 w grupach, do kt\u00f3rych zostali zapisani. Zabrania si\u0119 pielgrzymowania poza grupami bez zgody ksi\u0119dza przewodnika. Przebywanie poza grup\u0105 jest r\u00f3wnoznaczne z wycofaniem z pielgrzymki.<\/li>\n\n\n\n<li>Ze wzgl\u0119du na religijno-pokutny charakter pielgrzymki p\u0105tnik\u00f3w obowi\u0105zuje:<br>&#8211; odpowiedni, skromny str\u00f3j (zakryte ramiona i kolana)<br>&#8211; zakaz korzystania z telefonu czy innych urz\u0105dze\u0144 elektronicznych podczas modlitwy i marszu (chyba, \u017ce\u00a0dla potrzeb grupy przewodnik zarz\u0105dzi inaczej).<br>&#8211; bezwzgl\u0119dny zakaz spo\u017cywania napoj\u00f3w alkoholowych, \u015brodk\u00f3w odurzaj\u0105cych, dopalaczy i palenia tytoniu.<\/li>\n\n\n\n<li>Uczestnicy zobowi\u0105zani s\u0105\u00a0 do przestrzegania:<br>&#8211; przepis\u00f3w o ruchu drogowym,<br>&#8211; zarz\u0105dze\u0144 w\u0142adz terytorialnych,<br>&#8211; bezwzgl\u0119dnego zakazu korzystania, k\u0105pieli w otwartych zbiornikach wodnych oraz rozpalania ognisk,<br>&#8211; wskaza\u0144 pielgrzymkowej s\u0142u\u017cby porz\u0105dkowej.<\/li>\n\n\n\n<li>W miejscach postoju pielgrzymi zachowuj\u0105 czysto\u015b\u0107, \u015bmieci zostawiaj\u0105 w wyznaczonych do tego miejscach lub zabieraj\u0105 ze sob\u0105.<\/li>\n\n\n\n<li>Ze wzgl\u0119du bezpiecze\u0144stwa, pielgrzymce b\u0119d\u0105 mog\u0142y towarzyszy\u0107 tylko samochody oznakowane przez organizatora Pieszej Pielgrzymki Diecezji Bydgoskiej. Samochody towarzysz\u0105ce Pielgrzymce maj\u0105 obowi\u0105zek podporz\u0105dkowa\u0107 si\u0119 do polece\u0144 kieruj\u0105cych ruchem.<\/li>\n\n\n\n<li>Opieka medyczna w czasie pielgrzymki jest zapewniona przez organizator\u00f3w tylko w zakresie podstawowym. Z racji na z\u0142y stan zdrowia, p\u0105tnik \u2013 po konsultacji z lekarzem pielgrzymki \u2013 ma prawo skorzystania z przewozu samochodem s\u0142u\u017cby medycznej. W uzasadnionych przypadkach lekarz mo\u017ce odst\u0105pi\u0107 od tej zasady.<\/li>\n<\/ol>\n\n\n\n<p><\/p>\n","protected":false},"excerpt":{"rendered":"<p>Aby\u015b m\u00f3g\u0142 jak najowocniej prze\u017cy\u0107 te \u201erekolekcje w drodze&#8221;, zechciej uwa\u017cnie przeczyta\u0107 to, co tutaj z my\u015bl\u0105 o Tobie napisano.<\/p>\n","protected":false},"author":3,"featured_media":0,"parent":0,"menu_order":0,"comment_status":"closed","ping_status":"closed","template":"","meta":{"footnotes":""},"class_list":["post-1721","page","type-page","status-publish","hentry","post-preview"],"jetpack_sharing_enabled":true,"_links":{"self":[{"href":"https:\/\/www.pielgrzymka.bydgoszcz.pl\/index.php?rest_route=\/wp\/v2\/pages\/1721","targetHints":{"allow":["GET"]}}],"collection":[{"href":"https:\/\/www.pielgrzymka.bydgoszcz.pl\/index.php?rest_route=\/wp\/v2\/pages"}],"about":[{"href":"https:\/\/www.pielgrzymka.bydgoszcz.pl\/index.php?rest_route=\/wp\/v2\/types\/page"}],"author":[{"embeddable":true,"href":"https:\/\/www.pielgrzymka.bydgoszcz.pl\/index.php?rest_route=\/wp\/v2\/users\/3"}],"replies":[{"embeddable":true,"href":"https:\/\/www.pielgrzymka.bydgoszcz.pl\/index.php?rest_route=%2Fwp%2Fv2%2Fcomments&post=1721"}],"version-history":[{"count":1,"href":"https:\/\/www.pielgrzymka.bydgoszcz.pl\/index.php?rest_route=\/wp\/v2\/pages\/1721\/revisions"}],"predecessor-version":[{"id":1722,"href":"https:\/\/www.pielgrzymka.bydgoszcz.pl\/index.php?rest_route=\/wp\/v2\/pages\/1721\/revisions\/1722"}],"wp:attachment":[{"href":"https:\/\/www.pielgrzymka.bydgoszcz.pl\/index.php?rest_route=%2Fwp%2Fv2%2Fmedia&parent=1721"}],"curies":[{"name":"wp","href":"https:\/\/api.w.org\/{rel}","templated":true}]}}