{"id":236,"date":"2020-05-13T15:56:32","date_gmt":"2020-05-13T13:56:32","guid":{"rendered":"https:\/\/pielgbdg.wordpress.com\/?page_id=236"},"modified":"2025-05-27T17:52:04","modified_gmt":"2025-05-27T15:52:04","slug":"przezroczysta","status":"publish","type":"page","link":"https:\/\/www.pielgrzymka.bydgoszcz.pl\/?page_id=236","title":{"rendered":"Przezroczysta"},"content":{"rendered":"\n<div class=\"wp-block-jetpack-slideshow aligncenter\" data-autoplay=\"true\" data-delay=\"3\" data-effect=\"slide\"><div class=\"wp-block-jetpack-slideshow_container swiper-container\"><ul class=\"wp-block-jetpack-slideshow_swiper-wrapper swiper-wrapper\"><li class=\"wp-block-jetpack-slideshow_slide swiper-slide\"><figure><img loading=\"lazy\" decoding=\"async\" width=\"1920\" height=\"1280\" alt=\"\" class=\"wp-block-jetpack-slideshow_image wp-image-317\" data-id=\"317\" src=\"http:\/\/pielgrzymka.amaro.net.pl\/wp-content\/uploads\/2020\/05\/przezr_5.jpg?w=676\" srcset=\"https:\/\/www.pielgrzymka.bydgoszcz.pl\/wp-content\/uploads\/2020\/05\/przezr_5.jpg 1920w, https:\/\/www.pielgrzymka.bydgoszcz.pl\/wp-content\/uploads\/2020\/05\/przezr_5-300x200.jpg 300w, https:\/\/www.pielgrzymka.bydgoszcz.pl\/wp-content\/uploads\/2020\/05\/przezr_5-1024x683.jpg 1024w, https:\/\/www.pielgrzymka.bydgoszcz.pl\/wp-content\/uploads\/2020\/05\/przezr_5-768x512.jpg 768w, https:\/\/www.pielgrzymka.bydgoszcz.pl\/wp-content\/uploads\/2020\/05\/przezr_5-1536x1024.jpg 1536w\" sizes=\"auto, (max-width: 1920px) 100vw, 1920px\" \/><\/figure><\/li><li class=\"wp-block-jetpack-slideshow_slide swiper-slide\"><figure><img loading=\"lazy\" decoding=\"async\" width=\"1920\" height=\"1280\" alt=\"\" class=\"wp-block-jetpack-slideshow_image wp-image-315\" data-id=\"315\" src=\"http:\/\/pielgrzymka.amaro.net.pl\/wp-content\/uploads\/2020\/05\/przezr_2.jpg?w=676\" srcset=\"https:\/\/www.pielgrzymka.bydgoszcz.pl\/wp-content\/uploads\/2020\/05\/przezr_2.jpg 1920w, https:\/\/www.pielgrzymka.bydgoszcz.pl\/wp-content\/uploads\/2020\/05\/przezr_2-300x200.jpg 300w, https:\/\/www.pielgrzymka.bydgoszcz.pl\/wp-content\/uploads\/2020\/05\/przezr_2-1024x683.jpg 1024w, https:\/\/www.pielgrzymka.bydgoszcz.pl\/wp-content\/uploads\/2020\/05\/przezr_2-768x512.jpg 768w, https:\/\/www.pielgrzymka.bydgoszcz.pl\/wp-content\/uploads\/2020\/05\/przezr_2-1536x1024.jpg 1536w\" sizes=\"auto, (max-width: 1920px) 100vw, 1920px\" \/><\/figure><\/li><li class=\"wp-block-jetpack-slideshow_slide swiper-slide\"><figure><img decoding=\"async\" alt=\"\" class=\"wp-block-jetpack-slideshow_image wp-image-314\" data-id=\"314\" src=\"http:\/\/pielgrzymka.amaro.net.pl\/wp-content\/uploads\/2020\/05\/przezr_1.jpg?w=676\"\/><\/figure><\/li><li class=\"wp-block-jetpack-slideshow_slide swiper-slide\"><figure><img loading=\"lazy\" decoding=\"async\" width=\"1920\" height=\"1280\" alt=\"\" class=\"wp-block-jetpack-slideshow_image wp-image-316\" data-id=\"316\" src=\"http:\/\/pielgrzymka.amaro.net.pl\/wp-content\/uploads\/2020\/05\/przezr_3.jpg?w=676\" srcset=\"https:\/\/www.pielgrzymka.bydgoszcz.pl\/wp-content\/uploads\/2020\/05\/przezr_3.jpg 1920w, https:\/\/www.pielgrzymka.bydgoszcz.pl\/wp-content\/uploads\/2020\/05\/przezr_3-300x200.jpg 300w, https:\/\/www.pielgrzymka.bydgoszcz.pl\/wp-content\/uploads\/2020\/05\/przezr_3-1024x683.jpg 1024w, https:\/\/www.pielgrzymka.bydgoszcz.pl\/wp-content\/uploads\/2020\/05\/przezr_3-768x512.jpg 768w, https:\/\/www.pielgrzymka.bydgoszcz.pl\/wp-content\/uploads\/2020\/05\/przezr_3-1536x1024.jpg 1536w\" sizes=\"auto, (max-width: 1920px) 100vw, 1920px\" \/><\/figure><\/li><li class=\"wp-block-jetpack-slideshow_slide swiper-slide\"><figure><img loading=\"lazy\" decoding=\"async\" width=\"1920\" height=\"1280\" alt=\"\" class=\"wp-block-jetpack-slideshow_image wp-image-318\" data-id=\"318\" src=\"http:\/\/pielgrzymka.amaro.net.pl\/wp-content\/uploads\/2020\/05\/przezr_4.jpg?w=676\" srcset=\"https:\/\/www.pielgrzymka.bydgoszcz.pl\/wp-content\/uploads\/2020\/05\/przezr_4.jpg 1920w, https:\/\/www.pielgrzymka.bydgoszcz.pl\/wp-content\/uploads\/2020\/05\/przezr_4-300x200.jpg 300w, https:\/\/www.pielgrzymka.bydgoszcz.pl\/wp-content\/uploads\/2020\/05\/przezr_4-1024x683.jpg 1024w, https:\/\/www.pielgrzymka.bydgoszcz.pl\/wp-content\/uploads\/2020\/05\/przezr_4-768x512.jpg 768w, https:\/\/www.pielgrzymka.bydgoszcz.pl\/wp-content\/uploads\/2020\/05\/przezr_4-1536x1024.jpg 1536w\" sizes=\"auto, (max-width: 1920px) 100vw, 1920px\" \/><\/figure><\/li><\/ul><a class=\"wp-block-jetpack-slideshow_button-prev swiper-button-prev swiper-button-white\" role=\"button\"><\/a><a class=\"wp-block-jetpack-slideshow_button-next swiper-button-next swiper-button-white\" role=\"button\"><\/a><a aria-label=\"Pause Slideshow\" class=\"wp-block-jetpack-slideshow_button-pause\" role=\"button\"><\/a><div class=\"wp-block-jetpack-slideshow_pagination swiper-pagination swiper-pagination-white\"><\/div><\/div><\/div>\n\n\n\n<p>Grupa &#8222;Przezroczysta&#8221; to grupa akademicko-m\u0142odzie\u017cowa, tworzona przez m\u0142odzie\u017c, student\u00f3w i absolwent\u00f3w zgromadzonych wok\u00f3\u0142 Diecezjalnego O\u015brodka Duszpasterstwa Akademickiego &#8222;Martyria&#8221;. Naszym kolorem jest przezroczysty. Przezroczysto\u015b\u0107 to symbol i zadanie, by sob\u0105 nie zas\u0142ania\u0107 Boga i pozwoli\u0107 Mu przenika\u0107 przez siebie. <\/p>\n\n\n\n<p>Ka\u017cdego roku przygotowujemy ca\u0142y program naszego pielgrzymowania: has\u0142o, koszulki, chusty, program i tematy dni, modlitwy, rozwa\u017cania, hymn. Wi\u0119kszo\u015b\u0107 rzeczy przygotowuj\u0105 studenci oraz absolwenci naszego duszpasterstwa, przygotowuj\u0105c si\u0119 ju\u017c wiele tygodni&nbsp;przed pielgrzymk\u0105. To dla nas wa\u017cna cz\u0119\u015b\u0107 integracji. Ka\u017cdego roku podejmujemy wa\u017cne tematy dotycz\u0105ce aktualnej kondycji \u015bwiata i Ko\u015bcio\u0142a. Prowadzone konferencje maj\u0105 charakter akademicki &#8211; zapraszaj\u0105 do dyskusji i otwartej wymiany pogl\u0105d\u00f3w. Nie boimy si\u0119 my\u015ble\u0107 i zach\u0119camy do tego innych.&nbsp; Dbamy r\u00f3wnie\u017c o to, by ka\u017cdy pielgrzymuj\u0105cy w Przezroczystej czu\u0142 si\u0119 potrzebny &#8211; ka\u017cdy ma jakie\u015b zadanie w s\u0142u\u017cbie innym. <\/p>\n\n\n\n<p>Wa\u017cn\u0105 cz\u0119\u015bci\u0105 naszego w\u0119drowania jest podkre\u015blenie jedno\u015bci mi\u0119dzy nami- wszyscy mamy takie same chusty, \u015bpimy w jednej \u201ekategorii noclegowej\u201d, wsp\u00f3lnie przygotowujemy posi\u0142ki i staramy si\u0119 by\u0107 darem dla ca\u0142ej pielgrzymki. Od wielu lat przygotowujemy wiecz\u00f3r uwielbienia <br>w Kruszwicy i dzie\u0144 pokutny w Ko\u015bcielcu. W naszym planie dnia mamy etap milczenia id\u0105c w zupe\u0142nej ciszy i ws\u0142uchuj\u0105c si\u0119 w to, co B\u00f3g chce nam powiedzie\u0107. Mamy te\u017c dzie\u0144 przezroczysto\u015bci &#8211; na jednym z etap\u00f3w \u201eznikamy\u201d czyli idziemy w odwiedziny do innych grup. Nie boimy si\u0119 od siebie wymaga\u0107 &#8211; przestrzegaj\u0105c regulamin pielgrzymki i grupy, aby przemieni\u0107 si\u0119 w drodze i by\u0107 przezroczystym ka\u017cdego dnia. Dla nas pielgrzymka to szko\u0142a \u017cycia. Zapraszamy Ci\u0119 &#8211; do\u0142\u0105cz do nas!<\/p>\n\n\n\n<p>Znajdziesz nas na: <a href=\"http:\/\/www.martyria.pl\">www.martyria.pl<\/a> oraz <a href=\"http:\/\/fb.com\/martyriada\" data-type=\"URL\" data-id=\"fb.com\/martyriada\">fb.com\/martyriada<\/a>\u00a0<br>Duszpasterz i Przewodnik &#8211; ks. Tymoteusz Bia\u0142kowski <a href=\"mailto:tymoteusz.bialkowski@gmail.com\" data-type=\"URL\">tymoteusz.bialkowski@gmail.com <\/a><br>Pomoc: ks. Piotr Wachowski <a href=\"mailto:wachowskipiotr@op.pl\">wachowskipiotr@op.pl<\/a><br>Koordynatorzy pielgrzymki:<br>Stanis\u0142aw W\u0142odarczyk <a href=\"mailto:stanislaw.wlodarczyk22@gmail.com\" target=\"_blank\" rel=\"noreferrer noopener\">stanislaw.wlodarczyk22@gmail.com<\/a> tel. 723174957<br>Maria D\u0105browska\u00a0<a href=\"mailto:dabrowska.maria24@gmail.com\" target=\"_blank\" rel=\"noreferrer noopener\">dabrowska.maria24@gmail.com<\/a> tel. 530288021<br>Patryk R\u00f3\u017cycki\u00a0<a href=\"mailto:petriu.rozycki@gmail.com\" target=\"_blank\" rel=\"noreferrer noopener\">petriu.rozycki@gmail.com<\/a> tel. 789282110<br>Hanna Niedbalska <a href=\"mailto:niedhanula@gmail.com\" target=\"_blank\" rel=\"noreferrer noopener\">niedhanula@gmail.com<\/a> tel. 500 317 392<\/p>\n","protected":false},"excerpt":{"rendered":"<p>Grupa &#8222;Przezroczysta&#8221; to grupa akademicko-m\u0142odzie\u017cowa, tworzona przez m\u0142odzie\u017c, student\u00f3w i absolwent\u00f3w zgromadzonych wok\u00f3\u0142 Diecezjalnego O\u015brodka Duszpasterstwa Akademickiego &#8222;Martyria&#8221;. Naszym kolorem jest przezroczysty. Przezroczysto\u015b\u0107 to symbol i zadanie, by sob\u0105 nie zas\u0142ania\u0107 Boga i pozwoli\u0107 Mu przenika\u0107 przez siebie. Ka\u017cdego roku przygotowujemy ca\u0142y program naszego pielgrzymowania: has\u0142o, koszulki, chusty, program i tematy dni, modlitwy, rozwa\u017cania, hymn. [&hellip;]<\/p>\n","protected":false},"author":3,"featured_media":0,"parent":60,"menu_order":8,"comment_status":"closed","ping_status":"closed","template":"","meta":{"footnotes":""},"class_list":["post-236","page","type-page","status-publish","hentry","post-preview"],"jetpack_sharing_enabled":true,"_links":{"self":[{"href":"https:\/\/www.pielgrzymka.bydgoszcz.pl\/index.php?rest_route=\/wp\/v2\/pages\/236","targetHints":{"allow":["GET"]}}],"collection":[{"href":"https:\/\/www.pielgrzymka.bydgoszcz.pl\/index.php?rest_route=\/wp\/v2\/pages"}],"about":[{"href":"https:\/\/www.pielgrzymka.bydgoszcz.pl\/index.php?rest_route=\/wp\/v2\/types\/page"}],"author":[{"embeddable":true,"href":"https:\/\/www.pielgrzymka.bydgoszcz.pl\/index.php?rest_route=\/wp\/v2\/users\/3"}],"replies":[{"embeddable":true,"href":"https:\/\/www.pielgrzymka.bydgoszcz.pl\/index.php?rest_route=%2Fwp%2Fv2%2Fcomments&post=236"}],"version-history":[{"count":8,"href":"https:\/\/www.pielgrzymka.bydgoszcz.pl\/index.php?rest_route=\/wp\/v2\/pages\/236\/revisions"}],"predecessor-version":[{"id":1660,"href":"https:\/\/www.pielgrzymka.bydgoszcz.pl\/index.php?rest_route=\/wp\/v2\/pages\/236\/revisions\/1660"}],"up":[{"embeddable":true,"href":"https:\/\/www.pielgrzymka.bydgoszcz.pl\/index.php?rest_route=\/wp\/v2\/pages\/60"}],"wp:attachment":[{"href":"https:\/\/www.pielgrzymka.bydgoszcz.pl\/index.php?rest_route=%2Fwp%2Fv2%2Fmedia&parent=236"}],"curies":[{"name":"wp","href":"https:\/\/api.w.org\/{rel}","templated":true}]}}