{"id":240,"date":"2020-05-13T15:57:56","date_gmt":"2020-05-13T13:57:56","guid":{"rendered":"https:\/\/pielgbdg.wordpress.com\/?page_id=240"},"modified":"2024-04-30T15:29:45","modified_gmt":"2024-04-30T13:29:45","slug":"zielono-zolta","status":"publish","type":"page","link":"https:\/\/www.pielgrzymka.bydgoszcz.pl\/?page_id=240","title":{"rendered":"Zielono-\u017c\u00f3\u0142ta"},"content":{"rendered":"\n<div class=\"wp-block-jetpack-slideshow aligncenter\" data-effect=\"slide\"><div class=\"wp-block-jetpack-slideshow_container swiper-container\"><ul class=\"wp-block-jetpack-slideshow_swiper-wrapper swiper-wrapper\"><li class=\"wp-block-jetpack-slideshow_slide swiper-slide\"><figure><img loading=\"lazy\" decoding=\"async\" width=\"2048\" height=\"1365\" alt=\"\" class=\"wp-block-jetpack-slideshow_image wp-image-1508\" data-id=\"1508\" src=\"https:\/\/www.pielgrzymka.bydgoszcz.pl\/wp-content\/uploads\/2023\/06\/01.jpg\" srcset=\"https:\/\/www.pielgrzymka.bydgoszcz.pl\/wp-content\/uploads\/2023\/06\/01.jpg 2048w, https:\/\/www.pielgrzymka.bydgoszcz.pl\/wp-content\/uploads\/2023\/06\/01-300x200.jpg 300w, https:\/\/www.pielgrzymka.bydgoszcz.pl\/wp-content\/uploads\/2023\/06\/01-1024x683.jpg 1024w, https:\/\/www.pielgrzymka.bydgoszcz.pl\/wp-content\/uploads\/2023\/06\/01-768x512.jpg 768w, https:\/\/www.pielgrzymka.bydgoszcz.pl\/wp-content\/uploads\/2023\/06\/01-1536x1024.jpg 1536w, https:\/\/www.pielgrzymka.bydgoszcz.pl\/wp-content\/uploads\/2023\/06\/01-676x451.jpg 676w\" sizes=\"auto, (max-width: 2048px) 100vw, 2048px\" \/><\/figure><\/li><li class=\"wp-block-jetpack-slideshow_slide swiper-slide\"><figure><img loading=\"lazy\" decoding=\"async\" width=\"2048\" height=\"1356\" alt=\"\" class=\"wp-block-jetpack-slideshow_image wp-image-1509\" data-id=\"1509\" src=\"https:\/\/www.pielgrzymka.bydgoszcz.pl\/wp-content\/uploads\/2023\/06\/02.jpg\" srcset=\"https:\/\/www.pielgrzymka.bydgoszcz.pl\/wp-content\/uploads\/2023\/06\/02.jpg 2048w, https:\/\/www.pielgrzymka.bydgoszcz.pl\/wp-content\/uploads\/2023\/06\/02-300x199.jpg 300w, https:\/\/www.pielgrzymka.bydgoszcz.pl\/wp-content\/uploads\/2023\/06\/02-1024x678.jpg 1024w, https:\/\/www.pielgrzymka.bydgoszcz.pl\/wp-content\/uploads\/2023\/06\/02-768x509.jpg 768w, https:\/\/www.pielgrzymka.bydgoszcz.pl\/wp-content\/uploads\/2023\/06\/02-1536x1017.jpg 1536w, https:\/\/www.pielgrzymka.bydgoszcz.pl\/wp-content\/uploads\/2023\/06\/02-676x448.jpg 676w\" sizes=\"auto, (max-width: 2048px) 100vw, 2048px\" \/><\/figure><\/li><li class=\"wp-block-jetpack-slideshow_slide swiper-slide\"><figure><img loading=\"lazy\" decoding=\"async\" width=\"1600\" height=\"1200\" alt=\"\" class=\"wp-block-jetpack-slideshow_image wp-image-1510\" data-id=\"1510\" src=\"https:\/\/www.pielgrzymka.bydgoszcz.pl\/wp-content\/uploads\/2023\/06\/03.jpg\" srcset=\"https:\/\/www.pielgrzymka.bydgoszcz.pl\/wp-content\/uploads\/2023\/06\/03.jpg 1600w, https:\/\/www.pielgrzymka.bydgoszcz.pl\/wp-content\/uploads\/2023\/06\/03-300x225.jpg 300w, https:\/\/www.pielgrzymka.bydgoszcz.pl\/wp-content\/uploads\/2023\/06\/03-1024x768.jpg 1024w, https:\/\/www.pielgrzymka.bydgoszcz.pl\/wp-content\/uploads\/2023\/06\/03-768x576.jpg 768w, https:\/\/www.pielgrzymka.bydgoszcz.pl\/wp-content\/uploads\/2023\/06\/03-1536x1152.jpg 1536w, https:\/\/www.pielgrzymka.bydgoszcz.pl\/wp-content\/uploads\/2023\/06\/03-676x507.jpg 676w\" sizes=\"auto, (max-width: 1600px) 100vw, 1600px\" \/><\/figure><\/li><li class=\"wp-block-jetpack-slideshow_slide swiper-slide\"><figure><img loading=\"lazy\" decoding=\"async\" width=\"1392\" height=\"1042\" alt=\"\" class=\"wp-block-jetpack-slideshow_image wp-image-1511\" data-id=\"1511\" src=\"https:\/\/www.pielgrzymka.bydgoszcz.pl\/wp-content\/uploads\/2023\/06\/04.jpg\" srcset=\"https:\/\/www.pielgrzymka.bydgoszcz.pl\/wp-content\/uploads\/2023\/06\/04.jpg 1392w, https:\/\/www.pielgrzymka.bydgoszcz.pl\/wp-content\/uploads\/2023\/06\/04-300x225.jpg 300w, https:\/\/www.pielgrzymka.bydgoszcz.pl\/wp-content\/uploads\/2023\/06\/04-1024x767.jpg 1024w, https:\/\/www.pielgrzymka.bydgoszcz.pl\/wp-content\/uploads\/2023\/06\/04-768x575.jpg 768w, https:\/\/www.pielgrzymka.bydgoszcz.pl\/wp-content\/uploads\/2023\/06\/04-676x506.jpg 676w\" sizes=\"auto, (max-width: 1392px) 100vw, 1392px\" \/><\/figure><\/li><li class=\"wp-block-jetpack-slideshow_slide swiper-slide\"><figure><img loading=\"lazy\" decoding=\"async\" width=\"1392\" height=\"1042\" alt=\"\" class=\"wp-block-jetpack-slideshow_image wp-image-1512\" data-id=\"1512\" src=\"https:\/\/www.pielgrzymka.bydgoszcz.pl\/wp-content\/uploads\/2023\/06\/05.jpg\" srcset=\"https:\/\/www.pielgrzymka.bydgoszcz.pl\/wp-content\/uploads\/2023\/06\/05.jpg 1392w, https:\/\/www.pielgrzymka.bydgoszcz.pl\/wp-content\/uploads\/2023\/06\/05-300x225.jpg 300w, https:\/\/www.pielgrzymka.bydgoszcz.pl\/wp-content\/uploads\/2023\/06\/05-1024x767.jpg 1024w, https:\/\/www.pielgrzymka.bydgoszcz.pl\/wp-content\/uploads\/2023\/06\/05-768x575.jpg 768w, https:\/\/www.pielgrzymka.bydgoszcz.pl\/wp-content\/uploads\/2023\/06\/05-676x506.jpg 676w\" sizes=\"auto, (max-width: 1392px) 100vw, 1392px\" \/><\/figure><\/li><li class=\"wp-block-jetpack-slideshow_slide swiper-slide\"><figure><img loading=\"lazy\" decoding=\"async\" width=\"2048\" height=\"1365\" alt=\"\" class=\"wp-block-jetpack-slideshow_image wp-image-1513\" data-id=\"1513\" src=\"https:\/\/www.pielgrzymka.bydgoszcz.pl\/wp-content\/uploads\/2023\/06\/06.jpg\" srcset=\"https:\/\/www.pielgrzymka.bydgoszcz.pl\/wp-content\/uploads\/2023\/06\/06.jpg 2048w, https:\/\/www.pielgrzymka.bydgoszcz.pl\/wp-content\/uploads\/2023\/06\/06-300x200.jpg 300w, https:\/\/www.pielgrzymka.bydgoszcz.pl\/wp-content\/uploads\/2023\/06\/06-1024x683.jpg 1024w, https:\/\/www.pielgrzymka.bydgoszcz.pl\/wp-content\/uploads\/2023\/06\/06-768x512.jpg 768w, https:\/\/www.pielgrzymka.bydgoszcz.pl\/wp-content\/uploads\/2023\/06\/06-1536x1024.jpg 1536w, https:\/\/www.pielgrzymka.bydgoszcz.pl\/wp-content\/uploads\/2023\/06\/06-676x451.jpg 676w\" sizes=\"auto, (max-width: 2048px) 100vw, 2048px\" \/><\/figure><\/li><li class=\"wp-block-jetpack-slideshow_slide swiper-slide\"><figure><img loading=\"lazy\" decoding=\"async\" width=\"2048\" height=\"1365\" alt=\"\" class=\"wp-block-jetpack-slideshow_image wp-image-1514\" data-id=\"1514\" src=\"https:\/\/www.pielgrzymka.bydgoszcz.pl\/wp-content\/uploads\/2023\/06\/07.jpg\" srcset=\"https:\/\/www.pielgrzymka.bydgoszcz.pl\/wp-content\/uploads\/2023\/06\/07.jpg 2048w, https:\/\/www.pielgrzymka.bydgoszcz.pl\/wp-content\/uploads\/2023\/06\/07-300x200.jpg 300w, https:\/\/www.pielgrzymka.bydgoszcz.pl\/wp-content\/uploads\/2023\/06\/07-1024x683.jpg 1024w, https:\/\/www.pielgrzymka.bydgoszcz.pl\/wp-content\/uploads\/2023\/06\/07-768x512.jpg 768w, https:\/\/www.pielgrzymka.bydgoszcz.pl\/wp-content\/uploads\/2023\/06\/07-1536x1024.jpg 1536w, https:\/\/www.pielgrzymka.bydgoszcz.pl\/wp-content\/uploads\/2023\/06\/07-676x451.jpg 676w\" sizes=\"auto, (max-width: 2048px) 100vw, 2048px\" \/><\/figure><\/li><li class=\"wp-block-jetpack-slideshow_slide swiper-slide\"><figure><img loading=\"lazy\" decoding=\"async\" width=\"2048\" height=\"1356\" alt=\"\" class=\"wp-block-jetpack-slideshow_image wp-image-1515\" data-id=\"1515\" src=\"https:\/\/www.pielgrzymka.bydgoszcz.pl\/wp-content\/uploads\/2023\/06\/08.jpg\" srcset=\"https:\/\/www.pielgrzymka.bydgoszcz.pl\/wp-content\/uploads\/2023\/06\/08.jpg 2048w, https:\/\/www.pielgrzymka.bydgoszcz.pl\/wp-content\/uploads\/2023\/06\/08-300x199.jpg 300w, https:\/\/www.pielgrzymka.bydgoszcz.pl\/wp-content\/uploads\/2023\/06\/08-1024x678.jpg 1024w, https:\/\/www.pielgrzymka.bydgoszcz.pl\/wp-content\/uploads\/2023\/06\/08-768x509.jpg 768w, https:\/\/www.pielgrzymka.bydgoszcz.pl\/wp-content\/uploads\/2023\/06\/08-1536x1017.jpg 1536w, https:\/\/www.pielgrzymka.bydgoszcz.pl\/wp-content\/uploads\/2023\/06\/08-676x448.jpg 676w\" sizes=\"auto, (max-width: 2048px) 100vw, 2048px\" \/><\/figure><\/li><li class=\"wp-block-jetpack-slideshow_slide swiper-slide\"><figure><img loading=\"lazy\" decoding=\"async\" width=\"980\" height=\"735\" alt=\"\" class=\"wp-block-jetpack-slideshow_image wp-image-1516\" data-id=\"1516\" src=\"https:\/\/www.pielgrzymka.bydgoszcz.pl\/wp-content\/uploads\/2023\/06\/09.jpg\" srcset=\"https:\/\/www.pielgrzymka.bydgoszcz.pl\/wp-content\/uploads\/2023\/06\/09.jpg 980w, https:\/\/www.pielgrzymka.bydgoszcz.pl\/wp-content\/uploads\/2023\/06\/09-300x225.jpg 300w, https:\/\/www.pielgrzymka.bydgoszcz.pl\/wp-content\/uploads\/2023\/06\/09-768x576.jpg 768w, https:\/\/www.pielgrzymka.bydgoszcz.pl\/wp-content\/uploads\/2023\/06\/09-676x507.jpg 676w\" sizes=\"auto, (max-width: 980px) 100vw, 980px\" \/><\/figure><\/li><li class=\"wp-block-jetpack-slideshow_slide swiper-slide\"><figure><img loading=\"lazy\" decoding=\"async\" width=\"960\" height=\"640\" alt=\"\" class=\"wp-block-jetpack-slideshow_image wp-image-1517\" data-id=\"1517\" src=\"https:\/\/www.pielgrzymka.bydgoszcz.pl\/wp-content\/uploads\/2023\/06\/10.jpg\" srcset=\"https:\/\/www.pielgrzymka.bydgoszcz.pl\/wp-content\/uploads\/2023\/06\/10.jpg 960w, https:\/\/www.pielgrzymka.bydgoszcz.pl\/wp-content\/uploads\/2023\/06\/10-300x200.jpg 300w, https:\/\/www.pielgrzymka.bydgoszcz.pl\/wp-content\/uploads\/2023\/06\/10-768x512.jpg 768w, https:\/\/www.pielgrzymka.bydgoszcz.pl\/wp-content\/uploads\/2023\/06\/10-676x451.jpg 676w\" sizes=\"auto, (max-width: 960px) 100vw, 960px\" \/><\/figure><\/li><\/ul><a class=\"wp-block-jetpack-slideshow_button-prev swiper-button-prev swiper-button-white\" role=\"button\"><\/a><a class=\"wp-block-jetpack-slideshow_button-next swiper-button-next swiper-button-white\" role=\"button\"><\/a><a aria-label=\"Pause Slideshow\" class=\"wp-block-jetpack-slideshow_button-pause\" role=\"button\"><\/a><div class=\"wp-block-jetpack-slideshow_pagination swiper-pagination swiper-pagination-white\"><\/div><\/div><\/div>\n\n\n\n<p>Zielono-\u017c\u00f3\u0142ta grupa kochana,<br>Do tronu Maryi kroczy od rana.<br>Czy to deszcz, wichry czy s\u0142o\u0144ca skwary,<br>Grupa ta nigdy nie traci swej wiary.<br>Ze \u015bpiewem na ustach etapy pokonuje,<br>W tej grupie ka\u017cdy dobrze si\u0119 czuje.<\/p>\n\n\n\n<p>Grzegorz Bia\u0142ek &#8211; Przewodnik zawsze zwarty gotowy,<br>On nigdy nie traci swej g\u0142owy.<br>Z \u0141ochowskiej parafii grup\u0105 kieruje,<br>Na kazaniach nam zawsze pi\u0119knie m\u0119drkuje.<br>Niech Ci\u0119 Czytelniku wiek Jego nie zwodzi,<br>To jest cz\u0142owiek co nigdy nie zawodzi.<\/p>\n\n\n\n<p>Grup\u0119 ma pr\u0119\u017cn\u0105, zwart\u0105, gotow\u0105,<br>Ekip\u0119 wr\u0119cz odlotow\u0105.<br>Wi\u0119c do\u0142\u0105cz do nas wspania\u0142y cz\u0142owieku,<br>Bez wzgl\u0119du na to w jakim jeste\u015b wieku.<\/p>\n\n\n\n<p>Facebook: &nbsp;<a href=\"http:\/\/www.fb.com\/ZielonoZolta\" target=\"_blank\" rel=\"noreferrer noopener\">www.fb.com\/ZielonoZolta<\/a><\/p>\n\n\n\n<p>Przewodnikiem Grupy jest: ks. Grzegorz Bia\u0142ek, tel. 537 617 451<\/p>\n","protected":false},"excerpt":{"rendered":"<p>Zielono-\u017c\u00f3\u0142ta grupa kochana,Do tronu Maryi kroczy od rana.Czy to deszcz, wichry czy s\u0142o\u0144ca skwary,Grupa ta nigdy nie traci swej wiary.Ze \u015bpiewem na ustach etapy pokonuje,W tej grupie ka\u017cdy dobrze si\u0119 czuje. Grzegorz Bia\u0142ek &#8211; Przewodnik zawsze zwarty gotowy,On nigdy nie traci swej g\u0142owy.Z \u0141ochowskiej parafii grup\u0105 kieruje,Na kazaniach nam zawsze pi\u0119knie m\u0119drkuje.Niech Ci\u0119 Czytelniku wiek [&hellip;]<\/p>\n","protected":false},"author":3,"featured_media":0,"parent":60,"menu_order":10,"comment_status":"closed","ping_status":"closed","template":"","meta":{"footnotes":""},"class_list":["post-240","page","type-page","status-publish","hentry","post-preview"],"jetpack_sharing_enabled":true,"_links":{"self":[{"href":"https:\/\/www.pielgrzymka.bydgoszcz.pl\/index.php?rest_route=\/wp\/v2\/pages\/240","targetHints":{"allow":["GET"]}}],"collection":[{"href":"https:\/\/www.pielgrzymka.bydgoszcz.pl\/index.php?rest_route=\/wp\/v2\/pages"}],"about":[{"href":"https:\/\/www.pielgrzymka.bydgoszcz.pl\/index.php?rest_route=\/wp\/v2\/types\/page"}],"author":[{"embeddable":true,"href":"https:\/\/www.pielgrzymka.bydgoszcz.pl\/index.php?rest_route=\/wp\/v2\/users\/3"}],"replies":[{"embeddable":true,"href":"https:\/\/www.pielgrzymka.bydgoszcz.pl\/index.php?rest_route=%2Fwp%2Fv2%2Fcomments&post=240"}],"version-history":[{"count":11,"href":"https:\/\/www.pielgrzymka.bydgoszcz.pl\/index.php?rest_route=\/wp\/v2\/pages\/240\/revisions"}],"predecessor-version":[{"id":1565,"href":"https:\/\/www.pielgrzymka.bydgoszcz.pl\/index.php?rest_route=\/wp\/v2\/pages\/240\/revisions\/1565"}],"up":[{"embeddable":true,"href":"https:\/\/www.pielgrzymka.bydgoszcz.pl\/index.php?rest_route=\/wp\/v2\/pages\/60"}],"wp:attachment":[{"href":"https:\/\/www.pielgrzymka.bydgoszcz.pl\/index.php?rest_route=%2Fwp%2Fv2%2Fmedia&parent=240"}],"curies":[{"name":"wp","href":"https:\/\/api.w.org\/{rel}","templated":true}]}}