{"id":242,"date":"2020-05-13T15:58:38","date_gmt":"2020-05-13T13:58:38","guid":{"rendered":"https:\/\/pielgbdg.wordpress.com\/?page_id=242"},"modified":"2021-06-01T08:51:05","modified_gmt":"2021-06-01T06:51:05","slug":"zlota","status":"publish","type":"page","link":"https:\/\/www.pielgrzymka.bydgoszcz.pl\/?page_id=242","title":{"rendered":"Z\u0142ota"},"content":{"rendered":"\n<figure class=\"wp-block-image size-large\"><img loading=\"lazy\" decoding=\"async\" width=\"1024\" height=\"683\" src=\"https:\/\/www.pielgrzymka.bydgoszcz.pl\/wp-content\/uploads\/2020\/05\/zc582ota-1024x683.jpg\" alt=\"\" class=\"wp-image-307\" srcset=\"https:\/\/www.pielgrzymka.bydgoszcz.pl\/wp-content\/uploads\/2020\/05\/zc582ota-1024x683.jpg 1024w, https:\/\/www.pielgrzymka.bydgoszcz.pl\/wp-content\/uploads\/2020\/05\/zc582ota-300x200.jpg 300w, https:\/\/www.pielgrzymka.bydgoszcz.pl\/wp-content\/uploads\/2020\/05\/zc582ota-768x512.jpg 768w, https:\/\/www.pielgrzymka.bydgoszcz.pl\/wp-content\/uploads\/2020\/05\/zc582ota-1536x1024.jpg 1536w, https:\/\/www.pielgrzymka.bydgoszcz.pl\/wp-content\/uploads\/2020\/05\/zc582ota.jpg 1782w\" sizes=\"auto, (max-width: 1024px) 100vw, 1024px\" \/><\/figure>\n\n\n\n<p>Z\u0142otka &#8211; to nasza grupa, kt\u00f3ra powsta\u0142a wiele lat temu. Naszymi przewodnikami s\u0105 ksi\u0119\u017ca ze zgromadzenia Misjonarzy \u015awi\u0119tej Rodziny, cz\u0119sto te\u017c go\u015bcimy w\u015br\u00f3d nas kap\u0142an\u00f3w diecezjalnych (ks. Micha\u0142 Szmania i inni). Co roku 19 lipca wyruszamy od Mamy G\u00f3reckiej do tronu Matki Bo\u017cej Cz\u0119stochowskiej. Nasza w\u0119dr\u00f3wka trwa 13 dni, ale to jest wspania\u0142y czas, by zawrze\u0107 nowe znajomo\u015bci, a nawet przyja\u017anie. Wielu z nas odkrywa w sobie ukryte talenty \u2013 mamy s\u0142u\u017cb\u0119 medyczn\u0105, muzyczn\u0105 czy kierowania ruchem. Przemierzamy ponad 400 km, w\u0119druj\u0105c przez Smogulec, Damas\u0142awek, Zdziechow\u0119, Powidz, Kazimierz Biskupi oraz Liche\u0144, kiedy to \u0142\u0105czymy si\u0119 z ca\u0142\u0105 pielgrzymk\u0105 bydgosk\u0105. Ca\u0142a grupa podzielona jest na specjalne sektory \u2013 mamy Ludzi Wiary, Ludzi \u015brodka i niezawodnych Mistyk\u00f3w \u2013 ale o tym dowiecie si\u0119, jak pow\u0119drujecie z nami.<\/p>\n\n\n\n<p>Przewa\u017caj\u0105c\u0105 wi\u0119kszo\u015b\u0107 naszej grupy stanowi\u0105 ludzie m\u0142odzi, a wielko\u015b\u0107 naszej grupy to oko\u0142o 70 os\u00f3b. Wiele os\u00f3b pielgrzymuje z nami duchowo, przekazuj\u0105c nam swoje intencje. Z rado\u015bci\u0105 witamy w grupie osoby, kt\u00f3re chocia\u017c na chwil\u0119 do nas do\u0142\u0105czaj\u0105, bo ca\u0142y rok t\u0119skni\u0105 za pielgrzymk\u0105.<\/p>\n\n\n\n<p>Na Jasn\u0105 G\u00f3r\u0119 wchodzimy z hymnem naszej grupy: Z\u0142ota, z\u0142ota przed Maryi wrota!<\/p>\n\n\n\n<p>Z\u0142ote my\u015bli, z\u0142ote czyny, kto to idzie? To z\u0142ote dziewczyny.<br>Z\u0142ote bary to mi\u0119\u015bniaki, kto to idzie? To z\u0142ote ch\u0142opaki.<br>\u0141amacz damskich serc naiwnych.<\/p>\n\n\n\n<p>Z\u0142ote serca, czarne szaty , kto to idzie? To s\u0105 s\u0142udzy Taty.<br>\u0141ys\u0105 g\u0142ow\u0105, brod\u0105 macha\u0142, kto to idzie? Ksi\u0105dz przewodnik Rafa\u0142.<br>Gna do przodu, asfalt zdziera, kto to idzie? Chor\u0105\u017cyna Renia.<br>Czyta bajki nam do spania. kto to idzie? To ksi\u0105dz Micha\u0142 Szmania.<\/p>\n\n\n\n<p><\/p>\n\n\n\n<p>Przewodnikiem grupy jest ks. Adrian Piecuch MSF<\/p>\n\n\n\n<p><\/p>\n\n\n\n<p>FB: <a href=\"https:\/\/www.facebook.com\/GRUPA-Z\u0141OTA-G\u00f3rka-Klasztorna-105653454108046\/\" target=\"_blank\" rel=\"noreferrer noopener\">https:\/\/www.facebook.com\/GRUPA-Z\u0141OTA-G\u00f3rka-Klasztorna-105653454108046\/<\/a><\/p>\n","protected":false},"excerpt":{"rendered":"<p>Z\u0142otka &#8211; to nasza grupa, kt\u00f3ra powsta\u0142a wiele lat temu. Naszymi przewodnikami s\u0105 ksi\u0119\u017ca ze zgromadzenia Misjonarzy \u015awi\u0119tej Rodziny, cz\u0119sto te\u017c go\u015bcimy w\u015br\u00f3d nas kap\u0142an\u00f3w diecezjalnych (ks. Micha\u0142 Szmania i inni). Co roku 19 lipca wyruszamy od Mamy G\u00f3reckiej do tronu Matki Bo\u017cej Cz\u0119stochowskiej. Nasza w\u0119dr\u00f3wka trwa 13 dni, ale to jest wspania\u0142y czas, by [&hellip;]<\/p>\n","protected":false},"author":3,"featured_media":0,"parent":60,"menu_order":11,"comment_status":"closed","ping_status":"closed","template":"","meta":{"footnotes":""},"class_list":["post-242","page","type-page","status-publish","hentry","post-preview"],"jetpack_sharing_enabled":true,"_links":{"self":[{"href":"https:\/\/www.pielgrzymka.bydgoszcz.pl\/index.php?rest_route=\/wp\/v2\/pages\/242","targetHints":{"allow":["GET"]}}],"collection":[{"href":"https:\/\/www.pielgrzymka.bydgoszcz.pl\/index.php?rest_route=\/wp\/v2\/pages"}],"about":[{"href":"https:\/\/www.pielgrzymka.bydgoszcz.pl\/index.php?rest_route=\/wp\/v2\/types\/page"}],"author":[{"embeddable":true,"href":"https:\/\/www.pielgrzymka.bydgoszcz.pl\/index.php?rest_route=\/wp\/v2\/users\/3"}],"replies":[{"embeddable":true,"href":"https:\/\/www.pielgrzymka.bydgoszcz.pl\/index.php?rest_route=%2Fwp%2Fv2%2Fcomments&post=242"}],"version-history":[{"count":4,"href":"https:\/\/www.pielgrzymka.bydgoszcz.pl\/index.php?rest_route=\/wp\/v2\/pages\/242\/revisions"}],"predecessor-version":[{"id":1057,"href":"https:\/\/www.pielgrzymka.bydgoszcz.pl\/index.php?rest_route=\/wp\/v2\/pages\/242\/revisions\/1057"}],"up":[{"embeddable":true,"href":"https:\/\/www.pielgrzymka.bydgoszcz.pl\/index.php?rest_route=\/wp\/v2\/pages\/60"}],"wp:attachment":[{"href":"https:\/\/www.pielgrzymka.bydgoszcz.pl\/index.php?rest_route=%2Fwp%2Fv2%2Fmedia&parent=242"}],"curies":[{"name":"wp","href":"https:\/\/api.w.org\/{rel}","templated":true}]}}