{"id":244,"date":"2020-05-13T15:59:20","date_gmt":"2020-05-13T13:59:20","guid":{"rendered":"https:\/\/pielgbdg.wordpress.com\/?page_id=244"},"modified":"2025-06-09T08:22:06","modified_gmt":"2025-06-09T06:22:06","slug":"zolta","status":"publish","type":"page","link":"https:\/\/www.pielgrzymka.bydgoszcz.pl\/?page_id=244","title":{"rendered":"\u017b\u00f3\u0142ta"},"content":{"rendered":"\n<figure class=\"wp-block-image\"><img loading=\"lazy\" decoding=\"async\" width=\"1024\" height=\"683\" src=\"https:\/\/www.pielgrzymka.bydgoszcz.pl\/wp-content\/uploads\/2025\/06\/FB_IMG_1722542898795-1024x683.jpg\" alt=\"\" class=\"wp-image-1771\" srcset=\"https:\/\/www.pielgrzymka.bydgoszcz.pl\/wp-content\/uploads\/2025\/06\/FB_IMG_1722542898795-1024x683.jpg 1024w, https:\/\/www.pielgrzymka.bydgoszcz.pl\/wp-content\/uploads\/2025\/06\/FB_IMG_1722542898795-300x200.jpg 300w, https:\/\/www.pielgrzymka.bydgoszcz.pl\/wp-content\/uploads\/2025\/06\/FB_IMG_1722542898795-768x512.jpg 768w, https:\/\/www.pielgrzymka.bydgoszcz.pl\/wp-content\/uploads\/2025\/06\/FB_IMG_1722542898795-676x451.jpg 676w, https:\/\/www.pielgrzymka.bydgoszcz.pl\/wp-content\/uploads\/2025\/06\/FB_IMG_1722542898795.jpg 1080w\" sizes=\"auto, (max-width: 1024px) 100vw, 1024px\" \/><\/figure>\n\n\n\n<p>Daj nam wiar\u0119, daj nadziej\u0119,<br>Daj nam mi\u0142o\u015b\u0107, daj pragnienie,<br>Pozw\u00f3l Jezu, ma \u015bwiat\u0142o\u015bci<br>By\u0107 \u015bwiadkami, Twej mi\u0142o\u015bci.<br>\u015apiewam na ca\u0142y g\u0142os,<br>Panie \u015bpiewam na ca\u0142y g\u0142os.<br>Alleluja, alleluja &#8211; \u017b\u00f3\u0142ta Szubin!<\/p>\n\n\n\n<p>Grupa \u017b\u00f3\u0142ta z Szubina na szlak pielgrzymkowy wyruszy\u0142a po raz pierwszy w 2000 r. Od tamtej pory w\u0119druje nieprzerwanie do Tronu Pani Jasnog\u00f3rskiej (nawet w czasie pandemii). Pierwszym Przewodnikiem i inicjatorem pielgrzymowania z Szubina by\u0142 ks. B\u0142a\u017cej Kownacki. Grupa wyrusza 22 lipca z parafii \u015bw. Marcina Biskupa w Szubinie i przemierza oko\u0142o 330 km, by ostatniego dnia lipca, wraz z ca\u0142\u0105 Diecezjaln\u0105 Piesz\u0105 Pielgrzymk\u0105, spojrze\u0107 w oczy Matki.<\/p>\n\n\n\n<p>Jako jedyna grupa diecezjalna, \u017b\u00d3\u0141TA idzie w\u0142asn\u0105 tras\u0105, zachowuj\u0105c charakter tzw. grupy promienistej. Podczas w\u0119dr\u00f3wki przechodzi przez wiele miejscowo\u015bci. m. in. przez: Szczepanowo, R\u00f3\u017canna, Kazimierz Biskupi, Pi\u0119tno, Ciepielew, Br\u0105szewice, Wielgie, Paj\u0119czno, Radostk\u00f3w.<br>\u017b\u00d3\u0141TA to jedna du\u017ca rodzina, w kt\u00f3rej ka\u017cdy mo\u017ce liczy\u0107 na wsparcie i pomocn\u0105 d\u0142o\u0144. Jasne, \u017ce \u017b\u00d3\u0141TA!<\/p>\n\n\n\n<p>Przewodnikiem grupy jest: ks. Bart\u0142omiej Brzezi\u0144ski, e-mail: mre4@o2.pl<br>Zapisy &#8211; Sekretarz grupy: Dominika Spycha\u0142a, tel. 669 850\u00a0731<\/p>\n\n\n\n<figure class=\"wp-block-embed is-type-video is-provider-youtube wp-block-embed-youtube wp-embed-aspect-16-9 wp-has-aspect-ratio\"><div class=\"wp-block-embed__wrapper\">\n<iframe loading=\"lazy\" title=\"Piesza pielgrzymka na Jasn\u0105 G\u00f3r\u0119 z Szubina - grupa \u017c\u00f3\u0142ta\" width=\"676\" height=\"380\" src=\"https:\/\/www.youtube.com\/embed\/oH4ymQnyrrE?start=33&#038;feature=oembed\" frameborder=\"0\" allow=\"accelerometer; autoplay; clipboard-write; encrypted-media; gyroscope; picture-in-picture; web-share\" referrerpolicy=\"strict-origin-when-cross-origin\" allowfullscreen><\/iframe>\n<\/div><\/figure>\n\n\n\n<p>Facebook parafii: <\/p>\n\n\n\n<figure class=\"wp-block-image size-full is-resized\"><img loading=\"lazy\" decoding=\"async\" width=\"706\" height=\"755\" src=\"https:\/\/www.pielgrzymka.bydgoszcz.pl\/wp-content\/uploads\/2025\/06\/1000048496.jpg\" alt=\"\" class=\"wp-image-1770\" style=\"width:230px;height:auto\" srcset=\"https:\/\/www.pielgrzymka.bydgoszcz.pl\/wp-content\/uploads\/2025\/06\/1000048496.jpg 706w, https:\/\/www.pielgrzymka.bydgoszcz.pl\/wp-content\/uploads\/2025\/06\/1000048496-281x300.jpg 281w, https:\/\/www.pielgrzymka.bydgoszcz.pl\/wp-content\/uploads\/2025\/06\/1000048496-676x723.jpg 676w\" sizes=\"auto, (max-width: 706px) 100vw, 706px\" \/><\/figure>\n","protected":false},"excerpt":{"rendered":"<p>Daj nam wiar\u0119, daj nadziej\u0119,Daj nam mi\u0142o\u015b\u0107, daj pragnienie,Pozw\u00f3l Jezu, ma \u015bwiat\u0142o\u015bciBy\u0107 \u015bwiadkami, Twej mi\u0142o\u015bci.\u015apiewam na ca\u0142y g\u0142os,Panie \u015bpiewam na ca\u0142y g\u0142os.Alleluja, alleluja &#8211; \u017b\u00f3\u0142ta Szubin! Grupa \u017b\u00f3\u0142ta z Szubina na szlak pielgrzymkowy wyruszy\u0142a po raz pierwszy w 2000 r. Od tamtej pory w\u0119druje nieprzerwanie do Tronu Pani Jasnog\u00f3rskiej (nawet w czasie pandemii). Pierwszym Przewodnikiem [&hellip;]<\/p>\n","protected":false},"author":3,"featured_media":0,"parent":60,"menu_order":12,"comment_status":"closed","ping_status":"closed","template":"","meta":{"footnotes":""},"class_list":["post-244","page","type-page","status-publish","hentry","post-preview"],"jetpack_sharing_enabled":true,"_links":{"self":[{"href":"https:\/\/www.pielgrzymka.bydgoszcz.pl\/index.php?rest_route=\/wp\/v2\/pages\/244","targetHints":{"allow":["GET"]}}],"collection":[{"href":"https:\/\/www.pielgrzymka.bydgoszcz.pl\/index.php?rest_route=\/wp\/v2\/pages"}],"about":[{"href":"https:\/\/www.pielgrzymka.bydgoszcz.pl\/index.php?rest_route=\/wp\/v2\/types\/page"}],"author":[{"embeddable":true,"href":"https:\/\/www.pielgrzymka.bydgoszcz.pl\/index.php?rest_route=\/wp\/v2\/users\/3"}],"replies":[{"embeddable":true,"href":"https:\/\/www.pielgrzymka.bydgoszcz.pl\/index.php?rest_route=%2Fwp%2Fv2%2Fcomments&post=244"}],"version-history":[{"count":10,"href":"https:\/\/www.pielgrzymka.bydgoszcz.pl\/index.php?rest_route=\/wp\/v2\/pages\/244\/revisions"}],"predecessor-version":[{"id":1774,"href":"https:\/\/www.pielgrzymka.bydgoszcz.pl\/index.php?rest_route=\/wp\/v2\/pages\/244\/revisions\/1774"}],"up":[{"embeddable":true,"href":"https:\/\/www.pielgrzymka.bydgoszcz.pl\/index.php?rest_route=\/wp\/v2\/pages\/60"}],"wp:attachment":[{"href":"https:\/\/www.pielgrzymka.bydgoszcz.pl\/index.php?rest_route=%2Fwp%2Fv2%2Fmedia&parent=244"}],"curies":[{"name":"wp","href":"https:\/\/api.w.org\/{rel}","templated":true}]}}