{"id":372,"date":"2020-05-19T11:52:31","date_gmt":"2020-05-19T09:52:31","guid":{"rendered":"https:\/\/pielgbdg.wordpress.com\/?page_id=372"},"modified":"2026-04-11T13:11:44","modified_gmt":"2026-04-11T11:11:44","slug":"dzien-2-22-07","status":"publish","type":"page","link":"https:\/\/www.pielgrzymka.bydgoszcz.pl\/?page_id=372","title":{"rendered":"dzie\u0144 2 (22.07)"},"content":{"rendered":"\n<p><strong>Z\u0142otniki Kujawskie &#8211; Kruszwica (33,5 km)<br><\/strong>Wyj\u015bcie grup: godz. 6:00<\/p>\n\n\n\n<ol class=\"wp-block-list\">\n<li>Z\u0142otniki Kujawskie \u2013 Jaksice (ko\u015bci\u00f3\u0142) 7 km<\/li>\n\n\n\n<li>Jaksice \u2013 Inowroc\u0142aw (parafia pw. \u015aw. J\u00f3zefa Oblubie\u0144ca NMP) 9,8 km (Msza \u015aw. , obiad)<\/li>\n\n\n\n<li>Inowroc\u0142aw \u2013 \u0141ojewo (parking-pla\u017ca) 9,5 km<\/li>\n\n\n\n<li>\u0141ojewo \u2013 Kruszwica 7,2 km (nocleg)<\/li>\n<\/ol>\n\n\n<p><iframe loading=\"lazy\" src=\"https:\/\/www.google.com\/maps\/d\/u\/2\/embed?mid=1o07t1McjxH48KmemVEqsyUQTyhQio_g&amp;ehbc=2E312F\" width=\"640\" height=\"480\"><\/iframe><\/p>\n\n\n<div class=\"wp-block-columns is-layout-flex wp-container-core-columns-is-layout-9d6595d7 wp-block-columns-is-layout-flex\">\n<div class=\"wp-block-column is-layout-flow wp-block-column-is-layout-flow\">\n<p><strong><a href=\"https:\/\/www.pielgrzymka.bydgoszcz.pl\/?page_id=370\">&lt;&lt;Dzie\u0144 1<\/a><\/strong><\/p>\n<\/div>\n\n\n\n<div class=\"wp-block-column is-layout-flow wp-block-column-is-layout-flow\">\n<p class=\"has-text-align-left\"><strong><a href=\"https:\/\/www.pielgrzymka.bydgoszcz.pl\/?page_id=374\">Dzie\u0144 3&gt;&gt;<\/a><\/strong><\/p>\n<\/div>\n<\/div>\n\n\n\n<p><\/p>\n","protected":false},"excerpt":{"rendered":"<p>Z\u0142otniki Kujawskie &#8211; Kruszwica (33,5 km)Wyj\u015bcie grup: godz. 6:00 &lt;&lt;Dzie\u0144 1 Dzie\u0144 3&gt;&gt;<\/p>\n","protected":false},"author":3,"featured_media":0,"parent":0,"menu_order":2,"comment_status":"closed","ping_status":"closed","template":"","meta":{"footnotes":""},"class_list":["post-372","page","type-page","status-publish","hentry","post-preview"],"jetpack_sharing_enabled":true,"_links":{"self":[{"href":"https:\/\/www.pielgrzymka.bydgoszcz.pl\/index.php?rest_route=\/wp\/v2\/pages\/372","targetHints":{"allow":["GET"]}}],"collection":[{"href":"https:\/\/www.pielgrzymka.bydgoszcz.pl\/index.php?rest_route=\/wp\/v2\/pages"}],"about":[{"href":"https:\/\/www.pielgrzymka.bydgoszcz.pl\/index.php?rest_route=\/wp\/v2\/types\/page"}],"author":[{"embeddable":true,"href":"https:\/\/www.pielgrzymka.bydgoszcz.pl\/index.php?rest_route=\/wp\/v2\/users\/3"}],"replies":[{"embeddable":true,"href":"https:\/\/www.pielgrzymka.bydgoszcz.pl\/index.php?rest_route=%2Fwp%2Fv2%2Fcomments&post=372"}],"version-history":[{"count":28,"href":"https:\/\/www.pielgrzymka.bydgoszcz.pl\/index.php?rest_route=\/wp\/v2\/pages\/372\/revisions"}],"predecessor-version":[{"id":1788,"href":"https:\/\/www.pielgrzymka.bydgoszcz.pl\/index.php?rest_route=\/wp\/v2\/pages\/372\/revisions\/1788"}],"wp:attachment":[{"href":"https:\/\/www.pielgrzymka.bydgoszcz.pl\/index.php?rest_route=%2Fwp%2Fv2%2Fmedia&parent=372"}],"curies":[{"name":"wp","href":"https:\/\/api.w.org\/{rel}","templated":true}]}}