{"id":378,"date":"2020-05-19T11:55:05","date_gmt":"2020-05-19T09:55:05","guid":{"rendered":"https:\/\/pielgbdg.wordpress.com\/?page_id=378"},"modified":"2026-04-11T13:12:38","modified_gmt":"2026-04-11T11:12:38","slug":"dzien-5-25-07","status":"publish","type":"page","link":"https:\/\/www.pielgrzymka.bydgoszcz.pl\/?page_id=378","title":{"rendered":"dzie\u0144 5 (25.07)"},"content":{"rendered":"\n<p><strong>Kramsk \u2013 Brudzew (26,1km)<\/strong><br>Msza \u015bw. godz. 6.oo, wyj\u015bcie grup: 7.00<br>1. Kramsk (ko\u015bci\u00f3\u0142) \u2013 Waki (prom) 7,9 km<br>2. Waki \u2013 Ko\u015bcielec (ko\u015bci\u00f3\u0142) 9,3 km (obiad)<br>3. Ko\u015bcielec &#8211; Brudzew (nocleg) 8,9 km<\/p>\n\n\n\n<p><\/p>\n\n\n<p><iframe loading=\"lazy\" src=\"https:\/\/www.google.com\/maps\/d\/u\/2\/embed?mid=1IxVJYPzw7j56uzeL8n6c5_AkQzWKbJI&amp;ehbc=2E312F\" width=\"640\" height=\"480\"><\/iframe><\/p>\n\n\n<div class=\"wp-block-columns is-layout-flex wp-container-core-columns-is-layout-9d6595d7 wp-block-columns-is-layout-flex\">\n<div class=\"wp-block-column is-layout-flow wp-block-column-is-layout-flow\">\n<p><strong><a href=\"https:\/\/www.pielgrzymka.bydgoszcz.pl\/?page_id=376\">&lt;&lt;Dzie\u0144  4<\/a><\/strong><\/p>\n<\/div>\n\n\n\n<div class=\"wp-block-column is-layout-flow wp-block-column-is-layout-flow\">\n<p class=\"has-text-align-left\"><strong><a href=\"https:\/\/www.pielgrzymka.bydgoszcz.pl\/?page_id=380\">Dzie\u0144 6&gt;&gt;<\/a><\/strong><\/p>\n<\/div>\n<\/div>\n\n\n\n<p><\/p>\n","protected":false},"excerpt":{"rendered":"<p>Kramsk \u2013 Brudzew (26,1km)Msza \u015bw. godz. 6.oo, wyj\u015bcie grup: 7.001. Kramsk (ko\u015bci\u00f3\u0142) \u2013 Waki (prom) 7,9 km2. Waki \u2013 Ko\u015bcielec (ko\u015bci\u00f3\u0142) 9,3 km (obiad)3. Ko\u015bcielec &#8211; Brudzew (nocleg) 8,9 km &lt;&lt;Dzie\u0144 4 Dzie\u0144 6&gt;&gt;<\/p>\n","protected":false},"author":3,"featured_media":0,"parent":0,"menu_order":5,"comment_status":"closed","ping_status":"closed","template":"","meta":{"footnotes":""},"class_list":["post-378","page","type-page","status-publish","hentry","post-preview"],"jetpack_sharing_enabled":true,"_links":{"self":[{"href":"https:\/\/www.pielgrzymka.bydgoszcz.pl\/index.php?rest_route=\/wp\/v2\/pages\/378","targetHints":{"allow":["GET"]}}],"collection":[{"href":"https:\/\/www.pielgrzymka.bydgoszcz.pl\/index.php?rest_route=\/wp\/v2\/pages"}],"about":[{"href":"https:\/\/www.pielgrzymka.bydgoszcz.pl\/index.php?rest_route=\/wp\/v2\/types\/page"}],"author":[{"embeddable":true,"href":"https:\/\/www.pielgrzymka.bydgoszcz.pl\/index.php?rest_route=\/wp\/v2\/users\/3"}],"replies":[{"embeddable":true,"href":"https:\/\/www.pielgrzymka.bydgoszcz.pl\/index.php?rest_route=%2Fwp%2Fv2%2Fcomments&post=378"}],"version-history":[{"count":33,"href":"https:\/\/www.pielgrzymka.bydgoszcz.pl\/index.php?rest_route=\/wp\/v2\/pages\/378\/revisions"}],"predecessor-version":[{"id":1791,"href":"https:\/\/www.pielgrzymka.bydgoszcz.pl\/index.php?rest_route=\/wp\/v2\/pages\/378\/revisions\/1791"}],"wp:attachment":[{"href":"https:\/\/www.pielgrzymka.bydgoszcz.pl\/index.php?rest_route=%2Fwp%2Fv2%2Fmedia&parent=378"}],"curies":[{"name":"wp","href":"https:\/\/api.w.org\/{rel}","templated":true}]}}