{"id":380,"date":"2020-05-19T11:55:48","date_gmt":"2020-05-19T09:55:48","guid":{"rendered":"https:\/\/pielgbdg.wordpress.com\/?page_id=380"},"modified":"2026-04-11T13:12:48","modified_gmt":"2026-04-11T11:12:48","slug":"dzien-6-26-07","status":"publish","type":"page","link":"https:\/\/www.pielgrzymka.bydgoszcz.pl\/?page_id=380","title":{"rendered":"dzie\u0144 6 (26.07)"},"content":{"rendered":"\n<p><strong>Brudzew\u2013 Podd\u0119bice (38,1<\/strong> <strong>km)<\/strong><br>Wyj\u015bcie grup: godz. 5.00<br><br>1. Brudzew \u2013 Kozub\u00f3w\/Wilam\u00f3w (prom) 12,8 km<br>2. Kozub\u00f3w\/Wilam\u00f3w \u2013 Uniej\u00f3w (Kolegiata) 9,6 km (Msza \u015aw. , obiad)<br>3. Uniej\u00f3w \u2013 Zakrzew (las) 9,9 km<br>4. Zakrzew \u2013 Podd\u0119bice 5,8 km (nocleg)<\/p>\n\n\n\n<p><\/p>\n\n\n<p><iframe loading=\"lazy\" src=\"https:\/\/www.google.com\/maps\/d\/u\/2\/embed?mid=1h60UmDul1eQn0a7zSxRR28Xja7HUTX8&amp;ehbc=2E312F\" width=\"640\" height=\"480\"><\/iframe><\/p>\n\n\n<div class=\"wp-block-columns is-layout-flex wp-container-core-columns-is-layout-9d6595d7 wp-block-columns-is-layout-flex\">\n<div class=\"wp-block-column is-layout-flow wp-block-column-is-layout-flow\">\n<p><strong><a href=\"https:\/\/www.pielgrzymka.bydgoszcz.pl\/?page_id=378\">&lt;&lt;Dzie\u0144 5<\/a><\/strong><\/p>\n<\/div>\n\n\n\n<div class=\"wp-block-column is-layout-flow wp-block-column-is-layout-flow\">\n<p class=\"has-text-align-left\"><strong><a href=\"https:\/\/www.pielgrzymka.bydgoszcz.pl\/?page_id=382\">Dzie\u0144 7&gt;&gt;<\/a><\/strong><\/p>\n<\/div>\n<\/div>\n\n\n\n<p><\/p>\n","protected":false},"excerpt":{"rendered":"<p>Brudzew\u2013 Podd\u0119bice (38,1 km)Wyj\u015bcie grup: godz. 5.00 1. Brudzew \u2013 Kozub\u00f3w\/Wilam\u00f3w (prom) 12,8 km2. Kozub\u00f3w\/Wilam\u00f3w \u2013 Uniej\u00f3w (Kolegiata) 9,6 km (Msza \u015aw. , obiad)3. Uniej\u00f3w \u2013 Zakrzew (las) 9,9 km4. Zakrzew \u2013 Podd\u0119bice 5,8 km (nocleg) &lt;&lt;Dzie\u0144 5 Dzie\u0144 7&gt;&gt;<\/p>\n","protected":false},"author":3,"featured_media":0,"parent":0,"menu_order":6,"comment_status":"closed","ping_status":"closed","template":"","meta":{"footnotes":""},"class_list":["post-380","page","type-page","status-publish","hentry","post-preview"],"jetpack_sharing_enabled":true,"_links":{"self":[{"href":"https:\/\/www.pielgrzymka.bydgoszcz.pl\/index.php?rest_route=\/wp\/v2\/pages\/380","targetHints":{"allow":["GET"]}}],"collection":[{"href":"https:\/\/www.pielgrzymka.bydgoszcz.pl\/index.php?rest_route=\/wp\/v2\/pages"}],"about":[{"href":"https:\/\/www.pielgrzymka.bydgoszcz.pl\/index.php?rest_route=\/wp\/v2\/types\/page"}],"author":[{"embeddable":true,"href":"https:\/\/www.pielgrzymka.bydgoszcz.pl\/index.php?rest_route=\/wp\/v2\/users\/3"}],"replies":[{"embeddable":true,"href":"https:\/\/www.pielgrzymka.bydgoszcz.pl\/index.php?rest_route=%2Fwp%2Fv2%2Fcomments&post=380"}],"version-history":[{"count":35,"href":"https:\/\/www.pielgrzymka.bydgoszcz.pl\/index.php?rest_route=\/wp\/v2\/pages\/380\/revisions"}],"predecessor-version":[{"id":1792,"href":"https:\/\/www.pielgrzymka.bydgoszcz.pl\/index.php?rest_route=\/wp\/v2\/pages\/380\/revisions\/1792"}],"wp:attachment":[{"href":"https:\/\/www.pielgrzymka.bydgoszcz.pl\/index.php?rest_route=%2Fwp%2Fv2%2Fmedia&parent=380"}],"curies":[{"name":"wp","href":"https:\/\/api.w.org\/{rel}","templated":true}]}}