{"id":382,"date":"2020-05-19T11:56:24","date_gmt":"2020-05-19T09:56:24","guid":{"rendered":"https:\/\/pielgbdg.wordpress.com\/?page_id=382"},"modified":"2026-04-11T13:13:03","modified_gmt":"2026-04-11T11:13:03","slug":"dzien-7-27-07","status":"publish","type":"page","link":"https:\/\/www.pielgrzymka.bydgoszcz.pl\/?page_id=382","title":{"rendered":"dzie\u0144 7 (27.07)"},"content":{"rendered":"\n<p><strong>Podd\u0119bice \u2013 Zdu\u0144ska Wola<\/strong> <strong>(36,5km)<\/strong><br>Wyj\u015bcie grup: godz. 6:00 <br><br>1. Podd\u0119bice &#8211; Ba\u0142drzych\u00f3w (Remiza OSP) 4,8 km<br>2. Ba\u0142drzych\u00f3w &#8211; Zygry (Msza \u015aw. godz. 10:30, post\u00f3j obiadowy) 10,7 km<br>3. Zygry &#8211; Szadek (ko\u015bci\u00f3\u0142) 9,1 km<br>4. Szadek \u2013 Janiszewice (ko\u015bci\u00f3\u0142) 8,3 km<br>5. Janiszewice \u2013 Zdu\u0144ska Wola (nocleg) 3,6 km<\/p>\n\n\n\n<p><\/p>\n\n\n<p><iframe loading=\"lazy\" src=\"https:\/\/www.google.com\/maps\/d\/u\/2\/embed?mid=1abK4EyLD3XJoqraAhE3FXXX02ErM7Iw&amp;ehbc=2E312F\" width=\"640\" height=\"480\"><\/iframe><\/p>\n\n\n<div class=\"wp-block-columns is-layout-flex wp-container-core-columns-is-layout-9d6595d7 wp-block-columns-is-layout-flex\">\n<div class=\"wp-block-column is-layout-flow wp-block-column-is-layout-flow\">\n<p><strong><a href=\"https:\/\/www.pielgrzymka.bydgoszcz.pl\/?page_id=380\">&lt;&lt;Dzie\u0144 6<\/a><\/strong><\/p>\n<\/div>\n\n\n\n<div class=\"wp-block-column is-layout-flow wp-block-column-is-layout-flow\">\n<p class=\"has-text-align-left\"><strong><a href=\"https:\/\/www.pielgrzymka.bydgoszcz.pl\/?page_id=384\">Dzie\u0144 8&gt;&gt;<\/a><\/strong><\/p>\n<\/div>\n<\/div>\n\n\n\n<p><br><\/p>\n","protected":false},"excerpt":{"rendered":"<p>Podd\u0119bice \u2013 Zdu\u0144ska Wola (36,5km)Wyj\u015bcie grup: godz. 6:00 1. Podd\u0119bice &#8211; Ba\u0142drzych\u00f3w (Remiza OSP) 4,8 km2. Ba\u0142drzych\u00f3w &#8211; Zygry (Msza \u015aw. godz. 10:30, post\u00f3j obiadowy) 10,7 km3. Zygry &#8211; Szadek (ko\u015bci\u00f3\u0142) 9,1 km4. Szadek \u2013 Janiszewice (ko\u015bci\u00f3\u0142) 8,3 km5. Janiszewice \u2013 Zdu\u0144ska Wola (nocleg) 3,6 km &lt;&lt;Dzie\u0144 6 Dzie\u0144 8&gt;&gt;<\/p>\n","protected":false},"author":3,"featured_media":0,"parent":0,"menu_order":7,"comment_status":"closed","ping_status":"closed","template":"","meta":{"footnotes":""},"class_list":["post-382","page","type-page","status-publish","hentry","post-preview"],"jetpack_sharing_enabled":true,"_links":{"self":[{"href":"https:\/\/www.pielgrzymka.bydgoszcz.pl\/index.php?rest_route=\/wp\/v2\/pages\/382","targetHints":{"allow":["GET"]}}],"collection":[{"href":"https:\/\/www.pielgrzymka.bydgoszcz.pl\/index.php?rest_route=\/wp\/v2\/pages"}],"about":[{"href":"https:\/\/www.pielgrzymka.bydgoszcz.pl\/index.php?rest_route=\/wp\/v2\/types\/page"}],"author":[{"embeddable":true,"href":"https:\/\/www.pielgrzymka.bydgoszcz.pl\/index.php?rest_route=\/wp\/v2\/users\/3"}],"replies":[{"embeddable":true,"href":"https:\/\/www.pielgrzymka.bydgoszcz.pl\/index.php?rest_route=%2Fwp%2Fv2%2Fcomments&post=382"}],"version-history":[{"count":27,"href":"https:\/\/www.pielgrzymka.bydgoszcz.pl\/index.php?rest_route=\/wp\/v2\/pages\/382\/revisions"}],"predecessor-version":[{"id":1793,"href":"https:\/\/www.pielgrzymka.bydgoszcz.pl\/index.php?rest_route=\/wp\/v2\/pages\/382\/revisions\/1793"}],"wp:attachment":[{"href":"https:\/\/www.pielgrzymka.bydgoszcz.pl\/index.php?rest_route=%2Fwp%2Fv2%2Fmedia&parent=382"}],"curies":[{"name":"wp","href":"https:\/\/api.w.org\/{rel}","templated":true}]}}