{"id":384,"date":"2020-05-19T11:57:03","date_gmt":"2020-05-19T09:57:03","guid":{"rendered":"https:\/\/pielgbdg.wordpress.com\/?page_id=384"},"modified":"2026-04-11T13:13:14","modified_gmt":"2026-04-11T11:13:14","slug":"dzien-8-28-07","status":"publish","type":"page","link":"https:\/\/www.pielgrzymka.bydgoszcz.pl\/?page_id=384","title":{"rendered":"dzie\u0144 8 (28.07)"},"content":{"rendered":"\n<p><strong>Zdu\u0144ska Wola \u2013 Widawa (19,8 km) <\/strong><br>Msza \u015aw. (Bazylika): godz. 7:00, wyj\u015bcie grup: godz. 8:00<\/p>\n\n\n\n<p>1.Zdu\u0144ska Wola \u2013 Ptaszkowice (\u015bwietlica) 7,1 km<br>2. Ptaszkowice \u2013 G\u00f3rki Grabi\u0144skie (post\u00f3j obiadowy) 8 km<br>3. G\u00f3rki Grabi\u0144skie \u2013 Widawa 4,7 km (nocleg)<\/p>\n\n\n\n<p><\/p>\n\n\n<p><iframe loading=\"lazy\" src=\"https:\/\/www.google.com\/maps\/d\/u\/2\/embed?mid=1xTL4OCw91_mHe_z8O7uufRg6zoIByXA&amp;ehbc=2E312F\" width=\"640\" height=\"480\"><\/iframe><\/p>\n\n\n<div class=\"wp-block-columns is-layout-flex wp-container-core-columns-is-layout-9d6595d7 wp-block-columns-is-layout-flex\">\n<div class=\"wp-block-column is-layout-flow wp-block-column-is-layout-flow\">\n<p><strong><a href=\"https:\/\/www.pielgrzymka.bydgoszcz.pl\/?page_id=382\">&lt;&lt;Dzie\u0144  7<\/a><\/strong><\/p>\n<\/div>\n\n\n\n<div class=\"wp-block-column is-layout-flow wp-block-column-is-layout-flow\">\n<p class=\"has-text-align-left\"><strong><a href=\"https:\/\/www.pielgrzymka.bydgoszcz.pl\/?page_id=386\">Dzie\u0144 9&gt;&gt;<\/a><\/strong><\/p>\n<\/div>\n<\/div>\n","protected":false},"excerpt":{"rendered":"<p>Zdu\u0144ska Wola \u2013 Widawa (19,8 km) Msza \u015aw. (Bazylika): godz. 7:00, wyj\u015bcie grup: godz. 8:00 1.Zdu\u0144ska Wola \u2013 Ptaszkowice (\u015bwietlica) 7,1 km2. Ptaszkowice \u2013 G\u00f3rki Grabi\u0144skie (post\u00f3j obiadowy) 8 km3. G\u00f3rki Grabi\u0144skie \u2013 Widawa 4,7 km (nocleg) &lt;&lt;Dzie\u0144 7 Dzie\u0144 9&gt;&gt;<\/p>\n","protected":false},"author":3,"featured_media":0,"parent":0,"menu_order":8,"comment_status":"closed","ping_status":"closed","template":"","meta":{"footnotes":""},"class_list":["post-384","page","type-page","status-publish","hentry","post-preview"],"jetpack_sharing_enabled":true,"_links":{"self":[{"href":"https:\/\/www.pielgrzymka.bydgoszcz.pl\/index.php?rest_route=\/wp\/v2\/pages\/384","targetHints":{"allow":["GET"]}}],"collection":[{"href":"https:\/\/www.pielgrzymka.bydgoszcz.pl\/index.php?rest_route=\/wp\/v2\/pages"}],"about":[{"href":"https:\/\/www.pielgrzymka.bydgoszcz.pl\/index.php?rest_route=\/wp\/v2\/types\/page"}],"author":[{"embeddable":true,"href":"https:\/\/www.pielgrzymka.bydgoszcz.pl\/index.php?rest_route=\/wp\/v2\/users\/3"}],"replies":[{"embeddable":true,"href":"https:\/\/www.pielgrzymka.bydgoszcz.pl\/index.php?rest_route=%2Fwp%2Fv2%2Fcomments&post=384"}],"version-history":[{"count":27,"href":"https:\/\/www.pielgrzymka.bydgoszcz.pl\/index.php?rest_route=\/wp\/v2\/pages\/384\/revisions"}],"predecessor-version":[{"id":1794,"href":"https:\/\/www.pielgrzymka.bydgoszcz.pl\/index.php?rest_route=\/wp\/v2\/pages\/384\/revisions\/1794"}],"wp:attachment":[{"href":"https:\/\/www.pielgrzymka.bydgoszcz.pl\/index.php?rest_route=%2Fwp%2Fv2%2Fmedia&parent=384"}],"curies":[{"name":"wp","href":"https:\/\/api.w.org\/{rel}","templated":true}]}}