{"id":388,"date":"2020-05-19T11:58:27","date_gmt":"2020-05-19T09:58:27","guid":{"rendered":"https:\/\/pielgbdg.wordpress.com\/?page_id=388"},"modified":"2026-04-11T13:13:41","modified_gmt":"2026-04-11T11:13:41","slug":"dzien-10-30-07","status":"publish","type":"page","link":"https:\/\/www.pielgrzymka.bydgoszcz.pl\/?page_id=388","title":{"rendered":"dzie\u0144 10 (30.07)"},"content":{"rendered":"\n<p><strong>Paj\u0119czno &#8211; Kamyk (36,3 km)<\/strong><br>Msza \u015aw.: godz. 6:00, wyj\u015bcie grup: godz. 7:00<strong><br><\/strong><br>1. Paj\u0119czno &#8211; Stare Gaj\u0119cice (\u015bwietlica) 7,7 km<br>2. Stare Gaj\u0119cice &#8211; Ku\u017anica Brze\u017anicka (OSP, obiad) 11 km<br>3.Ku\u017anica Brze\u017anicka &#8211; Ostrowy nad Oksz\u0105 (ko\u015bci\u00f3\u0142 pw. \u015aw. Andrzeja Boboli) 7,1 km<br>4. Ostrowy nad Oksz\u0105 \u2013 Kamyk\/Czarny Las 10,5 km<\/p>\n\n\n\n<p><\/p>\n\n\n<p><iframe loading=\"lazy\" src=\"https:\/\/www.google.com\/maps\/d\/u\/1\/embed?mid=1rtJ7-nJB9Fmy1mf71C-PY7v9aDN_aDA&amp;ehbc=2E312F&amp;noprof=1\" width=\"640\" height=\"480\"><\/iframe><\/p>\n\n\n<div class=\"wp-block-columns is-layout-flex wp-container-core-columns-is-layout-9d6595d7 wp-block-columns-is-layout-flex\">\n<div class=\"wp-block-column is-layout-flow wp-block-column-is-layout-flow\">\n<p><strong><a href=\"https:\/\/www.pielgrzymka.bydgoszcz.pl\/?page_id=386\">&lt;&lt;Dzie\u0144 9<\/a><\/strong><\/p>\n<\/div>\n\n\n\n<div class=\"wp-block-column is-layout-flow wp-block-column-is-layout-flow\">\n<p class=\"has-text-align-left\"><strong><a href=\"https:\/\/www.pielgrzymka.bydgoszcz.pl\/?page_id=390\">Dzie\u0144 11&gt;&gt;<\/a><\/strong><\/p>\n<\/div>\n<\/div>\n\n\n\n<p><\/p>\n","protected":false},"excerpt":{"rendered":"<p>Paj\u0119czno &#8211; Kamyk (36,3 km)Msza \u015aw.: godz. 6:00, wyj\u015bcie grup: godz. 7:001. Paj\u0119czno &#8211; Stare Gaj\u0119cice (\u015bwietlica) 7,7 km2. Stare Gaj\u0119cice &#8211; Ku\u017anica Brze\u017anicka (OSP, obiad) 11 km3.Ku\u017anica Brze\u017anicka &#8211; Ostrowy nad Oksz\u0105 (ko\u015bci\u00f3\u0142 pw. \u015aw. Andrzeja Boboli) 7,1 km4. Ostrowy nad Oksz\u0105 \u2013 Kamyk\/Czarny Las 10,5 km &lt;&lt;Dzie\u0144 9 Dzie\u0144 11&gt;&gt;<\/p>\n","protected":false},"author":3,"featured_media":0,"parent":0,"menu_order":10,"comment_status":"closed","ping_status":"closed","template":"","meta":{"footnotes":""},"class_list":["post-388","page","type-page","status-publish","hentry","post-preview"],"jetpack_sharing_enabled":true,"_links":{"self":[{"href":"https:\/\/www.pielgrzymka.bydgoszcz.pl\/index.php?rest_route=\/wp\/v2\/pages\/388","targetHints":{"allow":["GET"]}}],"collection":[{"href":"https:\/\/www.pielgrzymka.bydgoszcz.pl\/index.php?rest_route=\/wp\/v2\/pages"}],"about":[{"href":"https:\/\/www.pielgrzymka.bydgoszcz.pl\/index.php?rest_route=\/wp\/v2\/types\/page"}],"author":[{"embeddable":true,"href":"https:\/\/www.pielgrzymka.bydgoszcz.pl\/index.php?rest_route=\/wp\/v2\/users\/3"}],"replies":[{"embeddable":true,"href":"https:\/\/www.pielgrzymka.bydgoszcz.pl\/index.php?rest_route=%2Fwp%2Fv2%2Fcomments&post=388"}],"version-history":[{"count":35,"href":"https:\/\/www.pielgrzymka.bydgoszcz.pl\/index.php?rest_route=\/wp\/v2\/pages\/388\/revisions"}],"predecessor-version":[{"id":1796,"href":"https:\/\/www.pielgrzymka.bydgoszcz.pl\/index.php?rest_route=\/wp\/v2\/pages\/388\/revisions\/1796"}],"wp:attachment":[{"href":"https:\/\/www.pielgrzymka.bydgoszcz.pl\/index.php?rest_route=%2Fwp%2Fv2%2Fmedia&parent=388"}],"curies":[{"name":"wp","href":"https:\/\/api.w.org\/{rel}","templated":true}]}}