{"id":390,"date":"2020-05-19T11:59:11","date_gmt":"2020-05-19T09:59:11","guid":{"rendered":"https:\/\/pielgbdg.wordpress.com\/?page_id=390"},"modified":"2026-04-11T13:13:56","modified_gmt":"2026-04-11T11:13:56","slug":"dzien-11-31-07","status":"publish","type":"page","link":"https:\/\/www.pielgrzymka.bydgoszcz.pl\/?page_id=390","title":{"rendered":"dzie\u0144 11 (31.07)"},"content":{"rendered":"\n<p><strong><em>Intencja dnia: <\/em><\/strong><\/p>\n\n\n\n<p><strong>Kamyk \u2013 Jasna G\u00f3ra (15 km)<\/strong><br>wyj\u015bcie grup: godz. 7:00<\/p>\n\n\n\n<p>1. Kamyk &#8211; Cz\u0119stochowa (siostry) 10 km<br>2. Cz\u0119stochowa (siostry) \u2013 Jasna G\u00f3ra 5 km<br>Wej\u015bcie w kierunku Jasnej G\u00f3ry ulicami Sejmowa &#8211; Ludowa &#8211; \u0141\u00f3dzka &#8211; Rynek Wielu\u0144ski &#8211; Wielu\u0144ska &#8211; 3 Maja &#8211; Ks. Jerzego Popie\u0142uszki &#8211; Aleja NMP<br><\/p>\n\n\n\n<p>Ok. 11.30 \u2013 wej\u015bcie na wa\u0142y<br><strong><span style=\"text-decoration: underline;\">12.30 <\/span>\u2013 Msza \u015aw.<\/strong><br>18.00 &#8211; Droga Krzy\u017cowa<br>21.00 \u2013 Apel Jasnog\u00f3rski<\/p>\n\n\n<p><iframe loading=\"lazy\" src=\"https:\/\/www.google.com\/maps\/d\/u\/1\/embed?mid=1o8C5uWgUIRuBENaZ7MkPpGCXGmGPHvg&amp;ehbc=2E312F&amp;noprof=1\" width=\"640\" height=\"480\"><\/iframe><\/p>\n\n\n<div class=\"wp-block-columns is-layout-flex wp-container-core-columns-is-layout-9d6595d7 wp-block-columns-is-layout-flex\">\n<div class=\"wp-block-column is-layout-flow wp-block-column-is-layout-flow\">\n<p><strong><a href=\"https:\/\/www.pielgrzymka.bydgoszcz.pl\/?page_id=388\">&lt;&lt;Dzie\u0144 10<\/a><\/strong><\/p>\n<\/div>\n\n\n\n<div class=\"wp-block-column is-layout-flow wp-block-column-is-layout-flow\">\n<p class=\"has-text-align-right\"><\/p>\n<\/div>\n<\/div>\n\n\n\n<p><\/p>\n","protected":false},"excerpt":{"rendered":"<p>Intencja dnia: Kamyk \u2013 Jasna G\u00f3ra (15 km)wyj\u015bcie grup: godz. 7:00 1. Kamyk &#8211; Cz\u0119stochowa (siostry) 10 km2. Cz\u0119stochowa (siostry) \u2013 Jasna G\u00f3ra 5 kmWej\u015bcie w kierunku Jasnej G\u00f3ry ulicami Sejmowa &#8211; Ludowa &#8211; \u0141\u00f3dzka &#8211; Rynek Wielu\u0144ski &#8211; Wielu\u0144ska &#8211; 3 Maja &#8211; Ks. Jerzego Popie\u0142uszki &#8211; Aleja NMP Ok. 11.30 \u2013 wej\u015bcie na [&hellip;]<\/p>\n","protected":false},"author":3,"featured_media":0,"parent":0,"menu_order":11,"comment_status":"closed","ping_status":"closed","template":"","meta":{"footnotes":""},"class_list":["post-390","page","type-page","status-publish","hentry","post-preview"],"jetpack_sharing_enabled":true,"_links":{"self":[{"href":"https:\/\/www.pielgrzymka.bydgoszcz.pl\/index.php?rest_route=\/wp\/v2\/pages\/390","targetHints":{"allow":["GET"]}}],"collection":[{"href":"https:\/\/www.pielgrzymka.bydgoszcz.pl\/index.php?rest_route=\/wp\/v2\/pages"}],"about":[{"href":"https:\/\/www.pielgrzymka.bydgoszcz.pl\/index.php?rest_route=\/wp\/v2\/types\/page"}],"author":[{"embeddable":true,"href":"https:\/\/www.pielgrzymka.bydgoszcz.pl\/index.php?rest_route=\/wp\/v2\/users\/3"}],"replies":[{"embeddable":true,"href":"https:\/\/www.pielgrzymka.bydgoszcz.pl\/index.php?rest_route=%2Fwp%2Fv2%2Fcomments&post=390"}],"version-history":[{"count":31,"href":"https:\/\/www.pielgrzymka.bydgoszcz.pl\/index.php?rest_route=\/wp\/v2\/pages\/390\/revisions"}],"predecessor-version":[{"id":1797,"href":"https:\/\/www.pielgrzymka.bydgoszcz.pl\/index.php?rest_route=\/wp\/v2\/pages\/390\/revisions\/1797"}],"wp:attachment":[{"href":"https:\/\/www.pielgrzymka.bydgoszcz.pl\/index.php?rest_route=%2Fwp%2Fv2%2Fmedia&parent=390"}],"curies":[{"name":"wp","href":"https:\/\/api.w.org\/{rel}","templated":true}]}}